{"id":14869,"date":"2014-05-20T07:51:11","date_gmt":"2014-05-20T07:51:11","guid":{"rendered":"http:\/\/demo.qodeinteractive.com\/bridge49\/?page_id=14869"},"modified":"2022-05-09T22:24:22","modified_gmt":"2022-05-09T22:24:22","slug":"home","status":"publish","type":"page","link":"https:\/\/tubos-pe-pp.com\/","title":{"rendered":"Home"},"content":{"rendered":"<div    class=\"vc_row wpb_row section vc_row-fluid full_screen_section\" style=' text-align:left;'><div class=\" full_section_inner clearfix\">\n\t<div class=\"vc_col-sm-12 wpb_column vc_column_container \">\n\t\t<div class=\"wpb_wrapper\">\n\t\t\t\n\t<div class=\"wpb_text_column wpb_content_element  vc_custom_1437412923744\">\n\t\t<div class=\"wpb_wrapper\">\n\t\t\t<h1 style=\"text-align: center;\"><span style=\"color: #f6d539;\">Manual de Tubula\u00e7\u00f5es<br \/>\nde Polietileno e Polipropileno<br \/>\n<\/span><\/h1>\n\n\t\t<\/div> \n\t<\/div> \n\t\t<\/div> \n\t<\/div> \n<\/div><\/div><div  data-q_id=\"#livro\"   class=\"vc_row wpb_row section vc_row-fluid grid_section\" style='background-color:#f2f1f1; padding-top:75px; padding-bottom:15px; text-align:left;'><div class=\" section_inner clearfix\"><div class='section_inner_margin clearfix'>\n\t<div class=\"vc_col-sm-12 wpb_column vc_column_container \">\n\t\t<div class=\"wpb_wrapper\">\n\t\t\t\n\t<div class=\"wpb_text_column wpb_content_element \">\n\t\t<div class=\"wpb_wrapper\">\n\t\t\t<p>\n<span id=\"livro\" style=\"color: #ffffff;\">&nbsp;<\/span><\/p>\n<h2 style=\"text-align: center;\">O Livro<\/h2>\n\n\t\t<\/div> \n\t<\/div> <span class=\"separator_with_icon\" style='color:#dedede;opacity:1;'><i class=\"fa fa-book\"><\/i><\/span>\n\t<div class=\"wpb_text_column wpb_content_element \">\n\t\t<div class=\"wpb_wrapper\">\n\t\t\t<h3 style=\"text-align: center;\">Manual de Tubula\u00e7\u00f5es de Polietileno e Polipropileno<\/h3>\n\n\t\t<\/div> \n\t<\/div> <div    class=\"vc_row wpb_row section vc_inner vc_row-fluid\" style=' padding-top:50px; padding-bottom:75px; text-align:left;'><div class=\" full_section_inner clearfix\">\n\t<div class=\"vc_col-sm-6 wpb_column vc_column_container \">\n\t\t<div class=\"wpb_wrapper\">\n\t\t\t\n\t<div class=\"wpb_single_image wpb_content_element vc_align_center\">\n\t\t<div>\n\t\t<div class=\"wpb_wrapper\">\n\t\t\t\n\t\t\t<img width=\"750\" height=\"566\" src=\"https:\/\/tubos-pe-pp.com\/wp-content\/uploads\/2014\/05\/Capa_MockUp_v2.jpg\" class=\" vc_box_border_grey attachment-full\" alt=\"\" decoding=\"async\" loading=\"lazy\" srcset=\"https:\/\/tubos-pe-pp.com\/wp-content\/uploads\/2014\/05\/Capa_MockUp_v2.jpg 750w, https:\/\/tubos-pe-pp.com\/wp-content\/uploads\/2014\/05\/Capa_MockUp_v2-300x226.jpg 300w, https:\/\/tubos-pe-pp.com\/wp-content\/uploads\/2014\/05\/Capa_MockUp_v2-700x528.jpg 700w\" sizes=\"(max-width: 750px) 100vw, 750px\" \/>\n\t\t<\/div> \n\t\t<\/div>\n\t<\/div> <div class=\"separator  transparent center  \" style=\"\"><\/div>\n\n\t<div class=\"wpb_single_image wpb_content_element vc_align_center\">\n\t\t<div>\n\t\t<div class=\"wpb_wrapper\">\n\t\t\t\n\t\t\t<img width=\"750\" height=\"500\" src=\"https:\/\/tubos-pe-pp.com\/wp-content\/uploads\/2014\/05\/MG_9465.jpg\" class=\" vc_box_border_grey attachment-full\" alt=\"\" decoding=\"async\" loading=\"lazy\" srcset=\"https:\/\/tubos-pe-pp.com\/wp-content\/uploads\/2014\/05\/MG_9465.jpg 750w, https:\/\/tubos-pe-pp.com\/wp-content\/uploads\/2014\/05\/MG_9465-300x200.jpg 300w, https:\/\/tubos-pe-pp.com\/wp-content\/uploads\/2014\/05\/MG_9465-700x467.jpg 700w\" sizes=\"(max-width: 750px) 100vw, 750px\" \/>\n\t\t<\/div> \n\t\t<\/div>\n\t<\/div> \n\t\t<\/div> \n\t<\/div> \n\n\t<div class=\"vc_col-sm-6 wpb_column vc_column_container \">\n\t\t<div class=\"wpb_wrapper\">\n\t\t\t\n\t<div class=\"wpb_text_column wpb_content_element \">\n\t\t<div class=\"wpb_wrapper\">\n\t\t\t<p>A terceira edi\u00e7\u00e3o do \u201cManual de Tubula\u00e7\u00f5es de Polietileno e Polipropileno \u2013 Caracter\u00edsticas, Dimensionamento e Instala\u00e7\u00f5es\u201d, patrocinado pelas empresas <a href=\"http:\/\/www.agru.com.br\/\" target=\"_blank\" rel=\"noopener\">Agru<\/a>, <a href=\"http:\/\/www.armcostaco.com.br\/portugues\" target=\"_blank\" rel=\"noopener\">Armco-Staco<\/a>, <a href=\"http:\/\/www.braskem.com.br\/\" target=\"_blank\" rel=\"noopener\">Braskem<\/a>, <a href=\"http:\/\/corporate.evonik.com.br\/region\/brazil\/pt\/Pages\/default.aspx\" target=\"_blank\" rel=\"noopener\">Evonik<\/a>, <a href=\"http:\/\/www.fgsbrasil.com.br\/\" target=\"_blank\" rel=\"noopener\">FGS Brasil<\/a>,<a href=\"http:\/\/www.georgfischer.com.br\/\" target=\"_blank\" rel=\"noopener\"> Georg Fischer<\/a>, <a href=\"http:\/\/www.kanaflex.com.br\/site\/\" target=\"_blank\" rel=\"noopener\">Kanaflex<\/a>,<a href=\"http:\/\/www.polyeasy.com.br\/\" target=\"_blank\" rel=\"noopener\"> Poly Easy<\/a>, <a href=\"http:\/\/www.tecnofusion.com.br\/\" target=\"_blank\" rel=\"noopener\">Tecnofusion<\/a>, <a href=\"http:\/\/www.tigre-ads.com\/brasil\" target=\"_blank\" rel=\"noopener\">Tigre-ADS<\/a>, tem como objetivo apresentar as tubula\u00e7\u00f5es de polietileno e polipropileno desde suas caracter\u00edsticas, especifica\u00e7\u00f5es e normaliza\u00e7\u00f5es, dimensionamentos hidr\u00e1ulicos, mec\u00e2nicos e t\u00e9rmicos, requisitos de controle de qualidade, m\u00e9todos e procedimentos de uni\u00e3o e reparo, procedimentos de instala\u00e7\u00e3o a\u00e9rea, enterrada convencionais e n\u00e3o destrutivos (MND), abordando tamb\u00e9m novos materiais de tubula\u00e7\u00f5es pl\u00e1sticas, como o polibuteno (PB), PEX, PERT, PVDF, PA 12, PVC e multicamadas.<\/p>\n<p>&nbsp;<\/p>\n<p>O Manual destina-se a toda cadeia produtiva, instaladores e usu\u00e1rios: fabricantes de mat\u00e9rias-primas, tubos, conex\u00f5es, m\u00e1quinas e equipamentos de soldagem e instala\u00e7\u00e3o, engenheiros e t\u00e9cnicos especificadores, compradores, de controle de qualidade, projetistas, instaladores, soldadores, inspetores e, tamb\u00e9m, aos estudantes de engenharia.<\/p>\n<p>&nbsp;<\/p>\n<p>O Manual visa fornecer ao leitor material suficiente para especifica\u00e7\u00e3o, projeto e controle de qualidade de tubula\u00e7\u00f5es e instala\u00e7\u00f5es nas suas diversas aplica\u00e7\u00f5es e \u00e9 dividido em treze cap\u00edtulos, sendo um deles destinado exclusivamente aos tubos estruturados de grandes di\u00e2metros e outro \u00e0s Poliamidas 12 (PA 12), al\u00e9m de possuir quatro anexos, contendo Simbologia e Unidades de Medida; Tabelas de Propriedades e Gr\u00e1ficos \u2013 Tabelas de Resist\u00eancia Qu\u00edmica; F\u00f3rmulas \u00fateis e outros dados e Normas T\u00e9cnicas.<\/p>\n<p>&nbsp;<\/p>\n<p>Veja abaixo um resumo dos cap\u00edtulos, ou <a href=\"https:\/\/tubos-pe-pp.com\/?page_id=15727\">clique aqui para ver um exemplo<\/a>.<\/p>\n\n\t\t<\/div> \n\t<\/div> <div class=\"separator  transparent center  \" style=\"\"><\/div>\n\n\t\t<\/div> \n\t<\/div> \n<\/div><\/div><div    class=\"vc_row wpb_row section vc_inner vc_row-fluid vc_custom_1436207446621\" style=' text-align:left;'><div class=\"more_facts_holder\" style='background-color: #f2f1f1;'><div class=\"more_facts_button_holder center\"><span class=\"more_facts_button\" data-color=\"\" data-hovercolor=\"\" data-morefacts=\"Clique para ver um resumo dos cap\u00edtulos\" data-lessfacts=\"Clique para minimizar\"><span class=\"more_facts_button_text\">Clique para ver um resumo dos cap\u00edtulos<\/span><span class=\"more_facts_button_arrow\"><i class=\"fa fa-angle-down\"><\/i> <\/span><\/span><\/div><div class=\"more_facts_outer\"><div class=\"more_facts_inner_holder\"><div class=\"more_facts_inner\">\n\t<div class=\"vc_col-sm-6 wpb_column vc_column_container  vc_custom_1436207399336\">\n\t\t<div class=\"wpb_wrapper\">\n\t\t\t\n\t<div class=\"wpb_text_column wpb_content_element  vc_custom_1436207003852\">\n\t\t<div class=\"wpb_wrapper\">\n\t\t\t<ul>\n<li><strong>Cap\u00edtulo 1:<\/strong> Introdu\u00e7\u00e3o<\/li>\n<li><strong>Cap\u00edtulo 2:<\/strong> Caracter\u00edsticas e propriedades dos pl\u00e1sticos em geral<\/li>\n<li><strong>Cap\u00edtulo 3:<\/strong> Caracter\u00edsticas b\u00e1sicas do polietileno (PE) e do polipropileno (PP)<\/li>\n<li><strong>Cap\u00edtulo 4:<\/strong> Caracter\u00edsticas e propriedades espec\u00edficas desses materiais, sua influ\u00eancia nas propriedades dos produtos, m\u00e9todos de ensaios e medi\u00e7\u00e3o, os materiais adequados a tubos e conex\u00f5es e sua classifica\u00e7\u00e3o<\/li>\n<li><strong>Cap\u00edtulo 5:<\/strong> Dimensionamento hidr\u00e1ulico, mec\u00e2nico, dimens\u00f5es, normas t\u00e9cnicas, an\u00e1lise de tubos enterrados, press\u00f5es de colapso, transientes hidr\u00e1ulicos, linhas a\u00e9reas, linhas subaqu\u00e1ticas, linhas de gases, transporte hidr\u00e1ulico de s\u00f3lidos, transmiss\u00e3o de calor e c\u00e1lculos de isolamento t\u00e9rmico<\/li>\n<li><strong>Cap\u00edtulo 6:<\/strong> Conex\u00f5es mec\u00e2nicas, sold\u00e1veis (solda de termofus\u00e3o e eletrofus\u00e3o) e procedimentos de soldagem, com as normas t\u00e9cnicas que as regem<\/li>\n<li><strong>Cap\u00edtulo 7:<\/strong> Manuseio e instala\u00e7\u00e3o<\/li>\n<li><strong>Cap\u00edtulo 8:<\/strong> M\u00e9todos de instala\u00e7\u00e3o enterrada, a\u00e9rea, subaqu\u00e1tica e m\u00e9todos n\u00e3o destrutivos e ensaios de estanqueidade em tubula\u00e7\u00f5es<\/li>\n<\/ul>\n\n\t\t<\/div> \n\t<\/div> \n\t\t<\/div> \n\t<\/div> \n\n\t<div class=\"vc_col-sm-6 wpb_column vc_column_container  vc_custom_1436207407807\">\n\t\t<div class=\"wpb_wrapper\">\n\t\t\t\n\t<div class=\"wpb_text_column wpb_content_element \">\n\t\t<div class=\"wpb_wrapper\">\n\t\t\t<ul>\n<li><strong>Cap\u00edtulo 9:<\/strong> Procedimentos e conex\u00f5es de reparo<\/li>\n<li><strong>Cap\u00edtulo 10:<\/strong> Fabrica\u00e7\u00e3o e controle de qualidade de tubos, conex\u00f5es e instala\u00e7\u00e3o: inclui procedimentos de qualifica\u00e7\u00e3o de soldas, m\u00e3o de obra de instala\u00e7\u00e3o e soldagem<\/li>\n<li><strong>Cap\u00edtulo 11:<\/strong> Tubos estruturados: trata de tubos corrugados e outros tubos estruturados voltados a esgoto e linhas de drenagem em geral, dimensionamentos, especifica\u00e7\u00f5es<\/li>\n<li><strong>Cap\u00edtulo 12:<\/strong> Campos de aplica\u00e7\u00e3o e sele\u00e7\u00e3o dos materiais a cada aplica\u00e7\u00e3o: redes, ramais e adutoras de \u00e1gua, redes de g\u00e1s, \u00e1gua quente, esgoto, drenagem, el\u00e9trica, telefonia, irriga\u00e7\u00e3o, ar comprimido, redes de inc\u00eandio, etc.<\/li>\n<li><strong>Cap\u00edtulo 13:<\/strong> Outros materiais, como Polietileno Reticulado (PEX), Polibuteno, PVDF, Polietileno de Ultra Alto Peso Molecular, PEBDL, Poliamida 11 (PA 11) e 12 (PA 12), PVC e CPVC<\/li>\n<\/ul>\n\n\t\t<\/div> \n\t<\/div> \n\t\t<\/div> \n\t<\/div> \n<\/div><\/div><\/div><\/div><\/div>\n\t\t<\/div> \n\t<\/div> \n<\/div><\/div><\/div><div  data-q_id=\"#autor\"   class=\"vc_row wpb_row section vc_row-fluid grid_section\" style=' text-align:left;'><div class=\" section_inner clearfix\"><div class='section_inner_margin clearfix'>\n\t<div class=\"vc_col-sm-12 wpb_column vc_column_container  vc_custom_1437406890202\">\n\t\t<div class=\"wpb_wrapper\">\n\t\t\t\n\t<div class=\"wpb_text_column wpb_content_element \">\n\t\t<div class=\"wpb_wrapper\">\n\t\t\t<p>\n<span id=\"autor\" style=\"color: #ffffff;\">&nbsp;<\/span><\/p>\n<h2 style=\"text-align: center;\">O Autor<\/h2>\n\n\t\t<\/div> \n\t<\/div> <span class=\"separator_with_icon\" style='color:#dedede;opacity:1;'><i class=\"fa fa-bookmark-o\"><\/i><\/span>\n\t<div class=\"wpb_single_image wpb_content_element vc_align_center\">\n\t\t<div>\n\t\t<div class=\"wpb_wrapper\">\n\t\t\t\n\t\t\t<img width=\"225\" height=\"225\" src=\"https:\/\/tubos-pe-pp.com\/wp-content\/uploads\/2014\/05\/Foto_Jose_Roberto.png\" class=\"vc_box_rounded vc_box_border_grey attachment-full\" alt=\"\" decoding=\"async\" loading=\"lazy\" srcset=\"https:\/\/tubos-pe-pp.com\/wp-content\/uploads\/2014\/05\/Foto_Jose_Roberto.png 225w, https:\/\/tubos-pe-pp.com\/wp-content\/uploads\/2014\/05\/Foto_Jose_Roberto-150x150.png 150w\" sizes=\"(max-width: 225px) 100vw, 225px\" \/>\n\t\t<\/div> \n\t\t<\/div>\n\t<\/div> <div    class=\"vc_row wpb_row section vc_inner vc_row-fluid\" style=' padding-top:50px; padding-bottom:75px; text-align:left;'><div class=\" full_section_inner clearfix\">\n\t<div class=\"vc_col-sm-6 wpb_column vc_column_container \">\n\t\t<div class=\"wpb_wrapper\">\n\t\t\t\n\t<div class=\"wpb_text_column wpb_content_element \">\n\t\t<div class=\"wpb_wrapper\">\n\t\t\t<p>Jos\u00e9 Roberto Bertoncello Danieletto, engenheiro eletr\u00f4nico formado pela Escola de Engenharia Mau\u00e1, com 35 anos na \u00e1rea de tubula\u00e7\u00f5es poliolef\u00ednicas, \u00e9 autor do livro \u201cManual de Tubula\u00e7\u00f5es de Polietileno e Polipropileno \u2013 Caracter\u00edsticas, Dimensionamento e Instala\u00e7\u00e3o\u201d, que est\u00e1 na sua terceira edi\u00e7\u00e3o e em breve ganhar\u00e1 vers\u00e3o eletr\u00f4nica.<\/p>\n<p>&nbsp;<\/p>\n<p>Jos\u00e9 Roberto Bertoncello Danieletto, al\u00e9m de suas atividades empresariais, \u00e9 Coordenador da Comiss\u00e3o de Normaliza\u00e7\u00e3o da Associa\u00e7\u00e3o Brasileira de Tubos Poliolef\u00ednicos e Sistemas (ABPE) e do subcomit\u00ea de poliolefinicos do Comit\u00ea de Saneamento da ABNT (CE 177.002.02), sendo representante desse subcomit\u00ea na&nbsp;International Organization for Standardization ISO\/TC 138, subcomit\u00eas SC1: Plastics pipes and fittings for soil, waste and drainage (including land drainage) e SC 2: Plastics pipes and fittings for water supplies.<\/p>\n\n\t\t<\/div> \n\t<\/div> \n\t\t<\/div> \n\t<\/div> \n\n\t<div class=\"vc_col-sm-6 wpb_column vc_column_container \">\n\t\t<div class=\"wpb_wrapper\">\n\t\t\t\n\t<div class=\"wpb_text_column wpb_content_element \">\n\t\t<div class=\"wpb_wrapper\">\n\t\t\t<p>O autor tem lecionado em cursos e treinamentos bem como dado palestras sobre tubula\u00e7\u00f5es poliolef\u00ednicas, destinados a engenheiros, instaladores, especificadores, projetistas, inspetores e soldadores, al\u00e9m de prestar servi\u00e7os em consultorias e assessorias t\u00e9cnicas nas \u00e1reas de Projetos e Especifica\u00e7\u00f5es de Produtos, Projetos de Redes Hidr\u00e1ulicas em Tubula\u00e7\u00f5es Poliolef\u00ednicas, Controle de Qualidade de Tubos e Conex\u00f5es e Inspe\u00e7\u00e3o de Instala\u00e7\u00f5es e Soldagem de Tubula\u00e7\u00f5es.<\/p>\n<p>&nbsp;<\/p>\n<p><span class=\"qode_icon_shortcode  q_font_awsome_icon fa-3x  q_icon_animation\" style=\" \"><a href=\"https:\/\/br.linkedin.com\/pub\/jose-roberto-bertoncello-danieletto\/59\/640\/1b4\" target=\"_blank\"><i class=\"fa fa-linkedin-square\" style=\"color: #bfbfbf;\"><\/i><\/a><\/span>&nbsp; <a href=\"https:\/\/br.linkedin.com\/pub\/jose-roberto-bertoncello-danieletto\/59\/640\/1b4\" target=\"_blank\" rel=\"noopener\">Acesse o perfil do autor no LinkedIn<\/a><\/p>\n<p>&nbsp;<\/p>\n<p><span class=\"qode_icon_shortcode  q_font_awsome_icon fa-3x  q_icon_animation\" style=\" \"><a href=\"http:\/\/www.twitter.com\/josedanieletto\" target=\"_blank\"><i class=\"fa fa-twitter-square\" style=\"color: #bfbfbf;\"><\/i><\/a><\/span> &nbsp;<a href=\"http:\/\/twitter.com\/josedanieletto\" target=\"_blank\" rel=\"noopener\">Acesse o perfil do autor no Twitter<\/a><\/p>\n\n\t\t<\/div> \n\t<\/div> \n\t\t<\/div> \n\t<\/div> \n<\/div><\/div>\n\t\t<\/div> \n\t<\/div> \n<\/div><\/div><\/div><div  data-q_id=\"#comprar\"   class=\"vc_row wpb_row section vc_row-fluid grid_section\" style='background-color:#f2f1f1; padding-top:75px; padding-bottom:15px; text-align:left;'><div class=\" section_inner clearfix\"><div class='section_inner_margin clearfix'>\n\t<div class=\"vc_col-sm-12 wpb_column vc_column_container \">\n\t\t<div class=\"wpb_wrapper\">\n\t\t\t\n\t<div class=\"wpb_text_column wpb_content_element \">\n\t\t<div class=\"wpb_wrapper\">\n\t\t\t<h2 style=\"text-align: center;\">Como Comprar<\/h2>\n\n\t\t<\/div> \n\t<\/div> <span class=\"separator_with_icon\" style='color:#dedede;opacity:1;'><i class=\"fa fa-cart-arrow-down\"><\/i><\/span><div    class=\"vc_row wpb_row section vc_inner vc_row-fluid\" style=' padding-top:50px; padding-bottom:75px; text-align:left;'><div class=\" full_section_inner clearfix\">\n\t<div class=\"vc_col-sm-12 wpb_column vc_column_container \">\n\t\t<div class=\"wpb_wrapper\">\n\t\t\t\n\t<div class=\"wpb_text_column wpb_content_element \">\n\t\t<div class=\"wpb_wrapper\">\n\t\t\t<p class=\"p1\" style=\"text-align: center;\"><strong><span class=\"s1\">Para adquirir o livro entre em contato conosco &#8211; <a href=\"#contato\"><span style=\"color: #f6d539;\">clique aqui<\/span><\/a>.<\/span><\/strong><\/p>\n\n\t\t<\/div> \n\t<\/div> <div class=\"separator  transparent center  \" style=\"margin-top: 30px;margin-bottom: 0px;\"><\/div>\n\n\t\t<\/div> \n\t<\/div> \n<\/div><\/div>\n\t\t<\/div> \n\t<\/div> \n<\/div><\/div><\/div><div  data-q_id=\"#contato\"   class=\"vc_row wpb_row section vc_row-fluid grid_section\" style='background-color:#303030; padding-top:75px; padding-bottom:15px; text-align:left;'><div class=\" section_inner clearfix\"><div class='section_inner_margin clearfix'>\n\t<div class=\"vc_col-sm-6 wpb_column vc_column_container \">\n\t\t<div class=\"wpb_wrapper\">\n\t\t\t\n\t<div class=\"wpb_single_image wpb_content_element vc_align_left\">\n\t\t<div>\n\t\t<div class=\"wpb_wrapper\">\n\t\t\t\n\t\t\t<img width=\"750\" height=\"500\" src=\"https:\/\/tubos-pe-pp.com\/wp-content\/uploads\/2014\/05\/MG_9460.jpg\" class=\" vc_box_border_grey attachment-full\" alt=\"\" decoding=\"async\" loading=\"lazy\" srcset=\"https:\/\/tubos-pe-pp.com\/wp-content\/uploads\/2014\/05\/MG_9460.jpg 750w, https:\/\/tubos-pe-pp.com\/wp-content\/uploads\/2014\/05\/MG_9460-300x200.jpg 300w, https:\/\/tubos-pe-pp.com\/wp-content\/uploads\/2014\/05\/MG_9460-700x467.jpg 700w\" sizes=\"(max-width: 750px) 100vw, 750px\" \/>\n\t\t<\/div> \n\t\t<\/div>\n\t<\/div> <div class=\"separator  transparent center  \" style=\"\"><\/div>\n\n\t<div class=\"wpb_single_image wpb_content_element vc_align_center\">\n\t\t<div>\n\t\t<div class=\"wpb_wrapper\">\n\t\t\t\n\t\t\t<img width=\"750\" height=\"500\" src=\"https:\/\/tubos-pe-pp.com\/wp-content\/uploads\/2014\/05\/MG_9487.jpg\" class=\" vc_box_border_grey attachment-full\" alt=\"\" decoding=\"async\" loading=\"lazy\" srcset=\"https:\/\/tubos-pe-pp.com\/wp-content\/uploads\/2014\/05\/MG_9487.jpg 750w, https:\/\/tubos-pe-pp.com\/wp-content\/uploads\/2014\/05\/MG_9487-300x200.jpg 300w, https:\/\/tubos-pe-pp.com\/wp-content\/uploads\/2014\/05\/MG_9487-700x467.jpg 700w\" sizes=\"(max-width: 750px) 100vw, 750px\" \/>\n\t\t<\/div> \n\t\t<\/div>\n\t<\/div> \n\t\t<\/div> \n\t<\/div> \n\n\t<div class=\"vc_col-sm-6 wpb_column vc_column_container \">\n\t\t<div class=\"wpb_wrapper\">\n\t\t\t\n\t<div class=\"wpb_text_column wpb_content_element \">\n\t\t<div class=\"wpb_wrapper\">\n\t\t\t<h2 style=\"text-align: center;\"><span id=\"contato\" style=\"color: #ffffff;\">Contato<\/span><\/h2>\n\n\t\t<\/div> \n\t<\/div> <span class=\"separator_with_icon\" style='color:#dedede;opacity:.9;'><i class=\"fa fa-envelope\"><\/i><\/span><div class=\"separator  transparent center  \" style=\"margin-top: 35px;margin-bottom: 20px;\"><\/div>\n\n<div class=\"wpcf7 no-js\" id=\"wpcf7-f15746-o1\" lang=\"pt-BR\" dir=\"ltr\">\n<div class=\"screen-reader-response\"><p role=\"status\" aria-live=\"polite\" aria-atomic=\"true\"><\/p> <ul><\/ul><\/div>\n<form action=\"\/index.php?rest_route=%2Fwp%2Fv2%2Fpages%2F14869#wpcf7-f15746-o1\" method=\"post\" class=\"wpcf7-form init cf7_custom_style_1\" aria-label=\"Formul\u00e1rios de contato\" novalidate=\"novalidate\" data-status=\"init\">\n<div style=\"display: none;\">\n<input type=\"hidden\" name=\"_wpcf7\" value=\"15746\" \/>\n<input type=\"hidden\" name=\"_wpcf7_version\" value=\"5.7.7\" \/>\n<input type=\"hidden\" name=\"_wpcf7_locale\" value=\"pt_BR\" \/>\n<input type=\"hidden\" name=\"_wpcf7_unit_tag\" value=\"wpcf7-f15746-o1\" \/>\n<input type=\"hidden\" name=\"_wpcf7_container_post\" value=\"0\" \/>\n<input type=\"hidden\" name=\"_wpcf7_posted_data_hash\" value=\"\" \/>\n<\/div>\n<p>Seu nome (obrigat\u00f3rio)\n<\/p>\n<p><span class=\"wpcf7-form-control-wrap\" data-name=\"your-name\"><input size=\"40\" class=\"wpcf7-form-control wpcf7-text wpcf7-validates-as-required\" aria-required=\"true\" aria-invalid=\"false\" value=\"\" type=\"text\" name=\"your-name\" \/><\/span>\n<\/p>\n<p>Seu e-mail (obrigat\u00f3rio)\n<\/p>\n<p><span class=\"wpcf7-form-control-wrap\" data-name=\"your-email\"><input size=\"40\" class=\"wpcf7-form-control wpcf7-text wpcf7-email wpcf7-validates-as-required wpcf7-validates-as-email\" aria-required=\"true\" aria-invalid=\"false\" value=\"\" type=\"email\" name=\"your-email\" \/><\/span>\n<\/p>\n<p>Assunto\n<\/p>\n<p><span class=\"wpcf7-form-control-wrap\" data-name=\"your-subject\"><input size=\"40\" class=\"wpcf7-form-control wpcf7-text\" aria-invalid=\"false\" value=\"\" type=\"text\" name=\"your-subject\" \/><\/span>\n<\/p>\n<p>Sua mensagem\n<\/p>\n<p><span class=\"wpcf7-form-control-wrap\" data-name=\"your-message\"><textarea cols=\"40\" rows=\"10\" class=\"wpcf7-form-control wpcf7-textarea\" aria-invalid=\"false\" name=\"your-message\"><\/textarea><\/span>\n<\/p>\n<div id=\"cf7sr-69e3143354c63\" class=\"cf7sr-g-recaptcha\" data-sitekey=\"6LcUfE4nAAAAAIbhi77-d8qAl7SygS24U-vISdh_\"><\/div><span class=\"wpcf7-form-control-wrap cf7sr-recaptcha\" data-name=\"cf7sr-recaptcha\"><input type=\"hidden\" name=\"cf7sr-recaptcha\" value=\"\" class=\"wpcf7-form-control\"><\/span>\n<\/p>\n<p><input class=\"wpcf7-form-control has-spinner wpcf7-submit\" type=\"submit\" value=\"Enviar\" \/>\n<\/p><div class=\"wpcf7-response-output\" aria-hidden=\"true\"><\/div>\n<\/form>\n<\/div>\n\n\t\t<\/div> \n\t<\/div> \n<\/div><\/div><\/div><div    class=\"vc_row wpb_row section vc_row-fluid vc_custom_1444100736852\" style=' text-align:left;'><div class=\" full_section_inner clearfix\">\n\t<div class=\"vc_col-sm-12 wpb_column vc_column_container \">\n\t\t<div class=\"wpb_wrapper\">\n\t\t\t\n\t<div class=\"wpb_text_column wpb_content_element \">\n\t\t<div class=\"wpb_wrapper\">\n\t\t\t<span class=\"qode_icon_shortcode  q_font_awsome_icon fa-3x pull-center \" style=\" \"><a href=\"https:\/\/www.facebook.com\/manualdetubosdepolietileno\" target=\"_blank\"><i class=\"fa fa-facebook-square\" style=\"color: #e6e6e6;\"><\/i><\/a><\/span>\n<p>&nbsp;<\/p>\n<h5 style=\"text-align: center;\"><a href=\"https:\/\/www.facebook.com\/manualdetubosdepolietileno\" target=\"_blank\" rel=\"noopener\">Clique para acessar o Facebook<\/a><\/h5>\n\n\t\t<\/div> \n\t<\/div> \n\t\t<\/div> \n\t<\/div> \n<\/div><\/div>\n","protected":false},"excerpt":{"rendered":"Manual de Tubula\u00e7\u00f5es de Polietileno e Polipropileno &nbsp; O Livro Manual de Tubula\u00e7\u00f5es de Polietileno e Polipropileno A terceira edi\u00e7\u00e3o do \u201cManual de Tubula\u00e7\u00f5es de Polietileno e Polipropileno \u2013 Caracter\u00edsticas, Dimensionamento e Instala\u00e7\u00f5es\u201d, patrocinado pelas empresas Agru, Armco-Staco, Braskem, Evonik, FGS Brasil, Georg Fischer, Kanaflex,...","protected":false},"author":16,"featured_media":0,"parent":0,"menu_order":1,"comment_status":"open","ping_status":"closed","template":"full_width.php","meta":[],"_links":{"self":[{"href":"https:\/\/tubos-pe-pp.com\/index.php?rest_route=\/wp\/v2\/pages\/14869"}],"collection":[{"href":"https:\/\/tubos-pe-pp.com\/index.php?rest_route=\/wp\/v2\/pages"}],"about":[{"href":"https:\/\/tubos-pe-pp.com\/index.php?rest_route=\/wp\/v2\/types\/page"}],"author":[{"embeddable":true,"href":"https:\/\/tubos-pe-pp.com\/index.php?rest_route=\/wp\/v2\/users\/16"}],"replies":[{"embeddable":true,"href":"https:\/\/tubos-pe-pp.com\/index.php?rest_route=%2Fwp%2Fv2%2Fcomments&post=14869"}],"version-history":[{"count":77,"href":"https:\/\/tubos-pe-pp.com\/index.php?rest_route=\/wp\/v2\/pages\/14869\/revisions"}],"predecessor-version":[{"id":18346,"href":"https:\/\/tubos-pe-pp.com\/index.php?rest_route=\/wp\/v2\/pages\/14869\/revisions\/18346"}],"wp:attachment":[{"href":"https:\/\/tubos-pe-pp.com\/index.php?rest_route=%2Fwp%2Fv2%2Fmedia&parent=14869"}],"curies":[{"name":"wp","href":"https:\/\/api.w.org\/{rel}","templated":true}]}}